{"id":12,"date":"2023-12-23T18:50:35","date_gmt":"2023-12-23T18:50:35","guid":{"rendered":"https:\/\/inversiorental.wpenginepowered.com\/?page_id=12"},"modified":"2024-02-08T21:48:07","modified_gmt":"2024-02-08T21:48:07","slug":"services","status":"publish","type":"page","link":"https:\/\/inversiorentals.es\/es\/services\/","title":{"rendered":"Servicios"},"content":{"rendered":"<div data-elementor-type=\"wp-page\" data-elementor-id=\"12\" class=\"elementor elementor-12\">\n\t\t\t\t<div class=\"elementor-element elementor-element-702ff46 e-flex e-con-boxed e-con e-parent\" data-id=\"702ff46\" data-element_type=\"container\" data-settings=\"{&quot;background_background&quot;:&quot;classic&quot;}\">\n\t\t\t\t\t<div class=\"e-con-inner\">\n\t\t\t\t\t<\/div>\n\t\t\t\t<\/div>\n\t\t<div class=\"elementor-element elementor-element-218404a e-flex e-con-boxed e-con e-parent\" data-id=\"218404a\" data-element_type=\"container\">\n\t\t\t\t\t<div class=\"e-con-inner\">\n\t\t\t\t<div class=\"elementor-element elementor-element-2c2d8b1 elementor-widget elementor-widget-heading\" data-id=\"2c2d8b1\" data-element_type=\"widget\" data-widget_type=\"heading.default\">\n\t\t\t\t<div class=\"elementor-widget-container\">\n\t\t\t<style>\/*! elementor - v3.23.0 - 15-07-2024 *\/\n.elementor-heading-title{padding:0;margin:0;line-height:1}.elementor-widget-heading .elementor-heading-title[class*=elementor-size-]>a{color:inherit;font-size:inherit;line-height:inherit}.elementor-widget-heading .elementor-heading-title.elementor-size-small{font-size:15px}.elementor-widget-heading .elementor-heading-title.elementor-size-medium{font-size:19px}.elementor-widget-heading .elementor-heading-title.elementor-size-large{font-size:29px}.elementor-widget-heading .elementor-heading-title.elementor-size-xl{font-size:39px}.elementor-widget-heading .elementor-heading-title.elementor-size-xxl{font-size:59px}<\/style><h1 class=\"elementor-heading-title elementor-size-default\">Nuestros Servicios<span style=\"color:#cd171a; font-size:1.5em;\">.<\/span><\/h1>\t\t<\/div>\n\t\t\t\t<\/div>\n\t\t\t\t<div class=\"elementor-element elementor-element-0f1f645 elementor-widget elementor-widget-text-editor\" data-id=\"0f1f645\" data-element_type=\"widget\" data-widget_type=\"text-editor.default\">\n\t\t\t\t<div class=\"elementor-widget-container\">\n\t\t\t<style>\/*! elementor - v3.23.0 - 15-07-2024 *\/\n.elementor-widget-text-editor.elementor-drop-cap-view-stacked .elementor-drop-cap{background-color:#69727d;color:#fff}.elementor-widget-text-editor.elementor-drop-cap-view-framed .elementor-drop-cap{color:#69727d;border:3px solid;background-color:transparent}.elementor-widget-text-editor:not(.elementor-drop-cap-view-default) .elementor-drop-cap{margin-top:8px}.elementor-widget-text-editor:not(.elementor-drop-cap-view-default) .elementor-drop-cap-letter{width:1em;height:1em}.elementor-widget-text-editor .elementor-drop-cap{float:left;text-align:center;line-height:1;font-size:50px}.elementor-widget-text-editor .elementor-drop-cap-letter{display:inline-block}<\/style>\t\t\t\t<p>Los apartamentos que ofrecemos se alquilan en su totalidad. Sea a un inquilino \u00fanico, una familia, o un grupo de personas que desean alquilar un cuarto individual para cada persona.\n\nPor lo que t\u00e9cnicamente no alquilamos habitaciones individuales, pero si desea alquilar junto a un grupo de personas durante un tiempo determinado y limitado, el piso podr\u00eda alquilarse en su totalidad. En el caso de que alguno de los inquilinos decida separarse del grupo y dejar su cuarto, el resto del grupo ser\u00e1 responsable de encontrar un nuevo inquilino sucesor. O no, y dejar el cuarto vac\u00edo como habitaci\u00f3n de invitados, o habitaci\u00f3n de estudios. El precio del alquiler acordado y firmado se mantendr\u00e1 hasta el fin del per\u00edodo del alquiler establecido.<\/p><p>P\u00f3ngase en contacto con nosotros y h\u00e1ganos saber sus deseos y nos haremos cargo de proporcionarle una de nuestras propiedades que se adapte a sus gustos y necesidades.<\/p><p>Nos centramos exclusivamente en apartamentos \u201cTURN KEY\u201d, ofreciendo viviendas originales, modernas y totalmente amuebladas.  Todos nuestros apartamentos est\u00e1n totalmente equipados y listos para entrar a vivir, teniendo por \u00fanico requisito darle el toque de gracia con sus objetos personales. \u00a1Qu\u00e9 podr\u00eda ser m\u00e1s conveniente! Nuestros costos de alquiler incluyen el consumo de agua y wifi de alta velocidad.<\/p><p>Nuestros apartamentos incluyen muebles pr\u00e1cticos del d\u00eda a d\u00eda, limpios y modernos, una lavadora, utensilios de cocina, es decir, ollas, sartenes y cubiertos.<\/p><p>Cada habitaci\u00f3n incluye:<\/p><ul><li>Canap\u00e9 y colch\u00f3n<\/li><li>Funda de colch\u00f3n, almohada, edred\u00f3n y s\u00e1banas<\/li><li>Escritorio con silla y luz de escritorio<\/li><li>Armario de ropa y perchas<\/li><\/ul>\t\t\t\t\t\t<\/div>\n\t\t\t\t<\/div>\n\t\t\t\t\t<\/div>\n\t\t\t\t<\/div>\n\t\t<div class=\"elementor-element elementor-element-ce79f6b e-flex e-con-boxed e-con e-parent\" data-id=\"ce79f6b\" data-element_type=\"container\">\n\t\t\t\t\t<div class=\"e-con-inner\">\n\t\t<div class=\"elementor-element elementor-element-29db9e2 e-con-full e-flex e-con e-child\" data-id=\"29db9e2\" data-element_type=\"container\">\n\t\t\t\t<div class=\"elementor-element elementor-element-d1ba96a elementor-widget elementor-widget-image\" data-id=\"d1ba96a\" data-element_type=\"widget\" data-widget_type=\"image.default\">\n\t\t\t\t<div class=\"elementor-widget-container\">\n\t\t\t<style>\/*! elementor - v3.23.0 - 15-07-2024 *\/\n.elementor-widget-image{text-align:center}.elementor-widget-image a{display:inline-block}.elementor-widget-image a img[src$=\".svg\"]{width:48px}.elementor-widget-image img{vertical-align:middle;display:inline-block}<\/style>\t\t\t\t\t\t\t\t\t\t<img fetchpriority=\"high\" decoding=\"async\" width=\"940\" height=\"540\" src=\"https:\/\/inversiorentals.es\/wp-content\/uploads\/2024\/01\/services-img.jpg\" class=\"attachment-large size-large wp-image-49\" alt=\"\" srcset=\"https:\/\/inversiorentals.es\/wp-content\/uploads\/2024\/01\/services-img.jpg 940w, https:\/\/inversiorentals.es\/wp-content\/uploads\/2024\/01\/services-img-300x172.jpg 300w, https:\/\/inversiorentals.es\/wp-content\/uploads\/2024\/01\/services-img-768x441.jpg 768w, https:\/\/inversiorentals.es\/wp-content\/uploads\/2024\/01\/services-img-496x285.jpg 496w\" sizes=\"(max-width: 940px) 100vw, 940px\" \/>\t\t\t\t\t\t\t\t\t\t\t\t\t<\/div>\n\t\t\t\t<\/div>\n\t\t\t\t<\/div>\n\t\t<div class=\"elementor-element elementor-element-6f42eb1 e-con-full e-flex e-con e-child\" data-id=\"6f42eb1\" data-element_type=\"container\">\n\t\t\t\t<div class=\"elementor-element elementor-element-b5c9abe elementor-widget elementor-widget-text-editor\" data-id=\"b5c9abe\" data-element_type=\"widget\" data-widget_type=\"text-editor.default\">\n\t\t\t\t<div class=\"elementor-widget-container\">\n\t\t\t\t\t\t\t<p><span style=\"text-decoration: underline;\">Mantenimiento<\/span><\/p><p>Nos esforzamos por mantener nuestras propiedades bien mantenidas y en muy buenas condiciones. Por lo tanto, siempre puede comunicarse con nuestro encargado para informar defectos o hacer una solicitud, ocup\u00e1ndose debidamente de los problemas en un per\u00edodo de tiempo razonable . En casos de emergencia se le dar\u00e1 la m\u00e1s alta prioridad. De esta manera usted es capaz de concentrarse en su estudio o trabajo y puede estar seguro de que nosotros nos ocuparemos de estos asuntos.\n\nLa limpieza general de la casa es, por supuesto, responsabilidad del inquilino.<\/p><p>En Inversio Rentals nos enorgullecemos de que una gran proporci\u00f3n de nuestros apartamentos admiten mascotas. Consulta sobre nuestras opciones de apartamentos que admiten mascotas.<\/p>\t\t\t\t\t\t<\/div>\n\t\t\t\t<\/div>\n\t\t\t\t<\/div>\n\t\t\t\t\t<\/div>\n\t\t\t\t<\/div>\n\t\t\t\t<\/div>","protected":false},"excerpt":{"rendered":"<p>Our Services. Our apartments on offer are to be rented as a whole, not only\u00a0by room. However, if you team up with flatmates then the whole apartment can be rented in its entirety. Should a flatmate decide to relocate and depart from the flat group, then we work together to\u202f\u202ffind a successor. Do not hesitate [&hellip;]<\/p>","protected":false},"author":2,"featured_media":0,"parent":0,"menu_order":0,"comment_status":"closed","ping_status":"closed","template":"elementor_header_footer","meta":{"footnotes":""},"class_list":["post-12","page","type-page","status-publish","hentry"],"featured_image_src":null,"featured_image_src_square":null,"_links":{"self":[{"href":"https:\/\/inversiorentals.es\/es\/wp-json\/wp\/v2\/pages\/12","targetHints":{"allow":["GET"]}}],"collection":[{"href":"https:\/\/inversiorentals.es\/es\/wp-json\/wp\/v2\/pages"}],"about":[{"href":"https:\/\/inversiorentals.es\/es\/wp-json\/wp\/v2\/types\/page"}],"author":[{"embeddable":true,"href":"https:\/\/inversiorentals.es\/es\/wp-json\/wp\/v2\/users\/2"}],"replies":[{"embeddable":true,"href":"https:\/\/inversiorentals.es\/es\/wp-json\/wp\/v2\/comments?post=12"}],"version-history":[{"count":0,"href":"https:\/\/inversiorentals.es\/es\/wp-json\/wp\/v2\/pages\/12\/revisions"}],"wp:attachment":[{"href":"https:\/\/inversiorentals.es\/es\/wp-json\/wp\/v2\/media?parent=12"}],"curies":[{"name":"wp","href":"https:\/\/api.w.org\/{rel}","templated":true}]}}