{"id":13,"date":"2023-12-23T18:50:53","date_gmt":"2023-12-23T18:50:53","guid":{"rendered":"https:\/\/inversiorental.wpenginepowered.com\/?page_id=13"},"modified":"2025-01-30T12:39:28","modified_gmt":"2025-01-30T12:39:28","slug":"about-us","status":"publish","type":"page","link":"https:\/\/inversiorentals.es\/es\/about-us\/","title":{"rendered":"Sobre Nosotros"},"content":{"rendered":"<style>\/*! elementor - v3.18.0 - 20-12-2023 *\/\n.elementor-heading-title{padding:0;margin:0;line-height:1}.elementor-widget-heading .elementor-heading-title[class*=elementor-size-]>a{color:inherit;font-size:inherit;line-height:inherit}.elementor-widget-heading .elementor-heading-title.elementor-size-small{font-size:15px}.elementor-widget-heading .elementor-heading-title.elementor-size-medium{font-size:19px}.elementor-widget-heading .elementor-heading-title.elementor-size-large{font-size:29px}.elementor-widget-heading .elementor-heading-title.elementor-size-xl{font-size:39px}.elementor-widget-heading .elementor-heading-title.elementor-size-xxl{font-size:59px}<\/style>\n<h1>Get to know us.<\/h1>\n<p>Con m\u00e1s de 15 a\u00f1os de experiencia en el alquiler y gesti\u00f3n de propiedades, Inversio Rentals es un equipo de profesionales multiling\u00fces con sede en Valencia. Nuevo en el mercado, pero ciertamente no nuevo en el negocio, nuestra visi\u00f3n es brindar oportunidades de alquiler modernas, de calidad y completamente amuebladas a la luminosa, hermosa y vibrante ciudad de Valencia, teniendo en cuenta su posici\u00f3n emergente como una ubicaci\u00f3n id\u00f3nea para trabajar y estudiar.<\/p>\n<p>Dirigido por un equipo directivo que ha comprado y alquilado con \u00e9xito una amplia cartera de pisos en Valencia y varias ubicaciones en Europa, nuestro equipo se compone de:<\/p>\n<p>Una experimentada encargada multiling\u00fce que habla con fluidez ingl\u00e9s, alem\u00e1n, holand\u00e9s, franc\u00e9s y, por supuesto, espa\u00f1ol,  est\u00e1 aqu\u00ed para ayudarle con el proceso de instalaci\u00f3n y puede brindar asistencia con una variedad de procesos que vienen con la instalaci\u00f3n de su hogar en Espa\u00f1a ( tr\u00e1mites oficiales, burocr\u00e1ticos,\u2026 )<\/p>\n<p>No hay necesidad de preocuparse por el mantenimiento, tenemos un competente y confiable equipo encabezado por nuestro Gerente de Servicio en caso de que surja alg\u00fan problema t\u00e9cnico.<\/p>","protected":false},"excerpt":{"rendered":"<p>Get to know us. Specializing in mid-term rentals and with over 15 years of experience in renting and managing properties, Inversio Rentals is a team of dedicated, multilingual professionals. Our vision is to bring quality, fully furnished, modern rental opportunities to the bright, beautiful, and vibrant city of Valencia, taking into account its emerging position [&hellip;]<\/p>","protected":false},"author":2,"featured_media":0,"parent":0,"menu_order":0,"comment_status":"closed","ping_status":"closed","template":"elementor_header_footer","meta":{"footnotes":""},"class_list":["post-13","page","type-page","status-publish","hentry"],"featured_image_src":null,"featured_image_src_square":null,"_links":{"self":[{"href":"https:\/\/inversiorentals.es\/es\/wp-json\/wp\/v2\/pages\/13","targetHints":{"allow":["GET"]}}],"collection":[{"href":"https:\/\/inversiorentals.es\/es\/wp-json\/wp\/v2\/pages"}],"about":[{"href":"https:\/\/inversiorentals.es\/es\/wp-json\/wp\/v2\/types\/page"}],"author":[{"embeddable":true,"href":"https:\/\/inversiorentals.es\/es\/wp-json\/wp\/v2\/users\/2"}],"replies":[{"embeddable":true,"href":"https:\/\/inversiorentals.es\/es\/wp-json\/wp\/v2\/comments?post=13"}],"version-history":[{"count":0,"href":"https:\/\/inversiorentals.es\/es\/wp-json\/wp\/v2\/pages\/13\/revisions"}],"wp:attachment":[{"href":"https:\/\/inversiorentals.es\/es\/wp-json\/wp\/v2\/media?parent=13"}],"curies":[{"name":"wp","href":"https:\/\/api.w.org\/{rel}","templated":true}]}}