{"id":2,"date":"2023-12-22T19:52:59","date_gmt":"2023-12-22T19:52:59","guid":{"rendered":"https:\/\/inversiorental.wpenginepowered.com\/?page_id=2"},"modified":"2025-01-30T12:33:45","modified_gmt":"2025-01-30T12:33:45","slug":"inversio-rentals","status":"publish","type":"page","link":"https:\/\/inversiorentals.es\/es\/","title":{"rendered":"Inversio Rentals"},"content":{"rendered":"<div data-elementor-type=\"wp-page\" data-elementor-id=\"2\" class=\"elementor elementor-2\">\n\t\t\t\t<div class=\"elementor-element elementor-element-002998f e-flex e-con-boxed e-con e-parent\" data-id=\"002998f\" data-element_type=\"container\" data-settings=\"{&quot;background_background&quot;:&quot;classic&quot;}\">\n\t\t\t\t\t<div class=\"e-con-inner\">\n\t\t<div class=\"elementor-element elementor-element-e04a5cf e-flex e-con-boxed e-con e-child\" data-id=\"e04a5cf\" data-element_type=\"container\" data-settings=\"{&quot;background_background&quot;:&quot;classic&quot;}\">\n\t\t\t\t\t<div class=\"e-con-inner\">\n\t\t\t\t<div class=\"elementor-element elementor-element-f75d091 elementor-widget__width-auto elementor-widget-mobile__width-auto elementor-view-default elementor-widget elementor-widget-icon\" data-id=\"f75d091\" data-element_type=\"widget\" data-widget_type=\"icon.default\">\n\t\t\t\t<div class=\"elementor-widget-container\">\n\t\t\t\t\t<div class=\"elementor-icon-wrapper\">\n\t\t\t<div class=\"elementor-icon\">\n\t\t\t<svg xmlns=\"http:\/\/www.w3.org\/2000\/svg\" xmlns:xlink=\"http:\/\/www.w3.org\/1999\/xlink\" width=\"40\" height=\"40\" viewbox=\"0 0 40 40\"><defs><clippath id=\"clip-path\"><rect id=\"Rectangle_1642\" data-name=\"Rectangle 1642\" width=\"40\" height=\"40\" transform=\"translate(21110 1610)\" fill=\"#fff\" stroke=\"#707070\" stroke-width=\"1\"><\/rect><\/clippath><clippath id=\"clip-path-2\"><rect id=\"Rectangle_1621\" data-name=\"Rectangle 1621\" width=\"1440\" height=\"3680\" transform=\"translate(8028 4772)\" fill=\"none\"><\/rect><\/clippath><\/defs><g id=\"Mask_Group_1\" data-name=\"Mask Group 1\" transform=\"translate(-21110 -1610)\" clip-path=\"url(#clip-path)\"><g id=\"Group_2814\" data-name=\"Group 2814\" transform=\"translate(12772 -3772)\"><g id=\"Group_2813\" data-name=\"Group 2813\" clip-path=\"url(#clip-path-2)\"><path id=\"Path_2132\" data-name=\"Path 2132\" d=\"M8353.93,5420.67h7.608v-3.98l-3.8-3.311-3.8,3.311Zm8.271,1.33h-8.935a.664.664,0,0,1-.663-.664v-4.945a.663.663,0,0,1,.228-.5l4.47-3.892a.667.667,0,0,1,.872,0l4.467,3.889a.665.665,0,0,1,.228.5v4.945a.664.664,0,0,1-.663.664\"><\/path><path id=\"Path_2133\" data-name=\"Path 2133\" d=\"M8367.55,5414.43h5.614v-2.877l-2.807-2.443-2.808,2.443Zm6.277,1.327h-6.94a.665.665,0,0,1-.664-.663v-3.843a.66.66,0,0,1,.229-.5l3.47-3.021a.665.665,0,0,1,.871,0l3.471,3.021a.664.664,0,0,1,.228.5v3.843a.663.663,0,0,1-.663.664\"><\/path><path id=\"Path_2134\" data-name=\"Path 2134\" d=\"M8371.91,5405.02h4.273v-2.135l-2.137-1.859-2.137,1.859Zm4.937,1.327h-5.6a.663.663,0,0,1-.664-.663v-3.1a.663.663,0,0,1,.228-.5l2.8-2.438a.667.667,0,0,1,.872,0l2.8,2.438a.667.667,0,0,1,.227.5v3.1a.663.663,0,0,1-.663.662\"><\/path><path id=\"Path_2135\" data-name=\"Path 2135\" d=\"M8339.33,5405.02h4.273v-2.135l-2.137-1.859-2.137,1.859Zm4.937,1.327h-5.6a.663.663,0,0,1-.665-.663v-3.1a.663.663,0,0,1,.228-.5l2.8-2.438a.665.665,0,0,1,.871,0l2.8,2.438a.667.667,0,0,1,.227.5v3.1a.663.663,0,0,1-.663.662\"><\/path><path id=\"Path_2136\" data-name=\"Path 2136\" d=\"M8342.17,5414.43h5.614v-2.877l-2.808-2.443-2.807,2.443Zm6.277,1.327h-6.94a.662.662,0,0,1-.664-.663v-3.843a.656.656,0,0,1,.228-.5l3.471-3.021a.666.666,0,0,1,.871,0l3.471,3.021a.66.66,0,0,1,.229.5v3.843a.663.663,0,0,1-.663.663\"><\/path><path id=\"Path_2137\" data-name=\"Path 2137\" d=\"M8350.65,5400.62H8347.4a.663.663,0,0,1-.664-.664v-2.571a.666.666,0,0,1,.227-.5l2.324-2.022a.664.664,0,0,1,.859-.01l.923.766a.663.663,0,0,1-.846,1.021l-.49-.405-1.67,1.454v1.606h2.583a.664.664,0,0,1,0,1.327\"><\/path><path id=\"Path_2138\" data-name=\"Path 2138\" d=\"M8368.04,5400.62h-3.247a.664.664,0,0,1,0-1.327h2.584v-1.606l-1.671-1.454-.489.406a.664.664,0,1,1-.847-1.022l.924-.765a.663.663,0,0,1,.859.01l2.322,2.022a.663.663,0,0,1,.228.5v2.571a.664.664,0,0,1-.663.664\"><\/path><path id=\"Path_2139\" data-name=\"Path 2139\" d=\"M8362.73,5408.11a.664.664,0,0,1-.662-.664V5385.72h-8.658v21.727a.663.663,0,0,1-1.326,0v-22.39a.664.664,0,0,1,.663-.664h9.983a.664.664,0,0,1,.663.664v22.391a.663.663,0,0,1-.663.663\"><\/path><path id=\"Path_2140\" data-name=\"Path 2140\" d=\"M8358.95,5408.11a.663.663,0,0,1-.663-.663v-2.687h-1.094v2.687a.664.664,0,0,1-1.328,0v-3.35a.664.664,0,0,1,.663-.664h2.421a.664.664,0,0,1,.663.664v3.35a.664.664,0,0,1-.663.663\"><\/path><path id=\"Path_2141\" data-name=\"Path 2141\" d=\"M8362.59,5389.7H8360.2a.664.664,0,0,1,0-1.327h2.388a.664.664,0,0,1,0,1.327\"><\/path><path id=\"Path_2142\" data-name=\"Path 2142\" d=\"M8358,5389.7h-.354a.664.664,0,0,1,0-1.327H8358a.664.664,0,0,1,0,1.327\"><\/path><path id=\"Path_2143\" data-name=\"Path 2143\" d=\"M8355.25,5389.7h-.354a.664.664,0,0,1,0-1.327h.354a.664.664,0,0,1,0,1.327\"><\/path><path id=\"Path_2144\" data-name=\"Path 2144\" d=\"M8362.59,5393.59H8360.2a.664.664,0,0,1,0-1.327h2.388a.664.664,0,0,1,0,1.327\"><\/path><path id=\"Path_2145\" data-name=\"Path 2145\" d=\"M8358,5393.59h-.354a.664.664,0,0,1,0-1.327H8358a.664.664,0,0,1,0,1.327\"><\/path><path id=\"Path_2146\" data-name=\"Path 2146\" d=\"M8355.25,5393.59h-.354a.664.664,0,0,1,0-1.327h.354a.664.664,0,0,1,0,1.327\"><\/path><path id=\"Path_2147\" data-name=\"Path 2147\" d=\"M8362.59,5397.39H8360.2a.664.664,0,1,1,0-1.327h2.388a.664.664,0,0,1,0,1.327\"><\/path><path id=\"Path_2148\" data-name=\"Path 2148\" d=\"M8358,5397.39h-.354a.664.664,0,1,1,0-1.327H8358a.664.664,0,0,1,0,1.327\"><\/path><path id=\"Path_2149\" data-name=\"Path 2149\" d=\"M8355.25,5397.39h-.354a.664.664,0,0,1,0-1.327h.354a.664.664,0,0,1,0,1.327\"><\/path><path id=\"Path_2150\" data-name=\"Path 2150\" d=\"M8362.59,5401.2H8360.2a.664.664,0,0,1,0-1.327h2.388a.664.664,0,0,1,0,1.327\"><\/path><path id=\"Path_2151\" data-name=\"Path 2151\" d=\"M8358,5401.2h-.354a.664.664,0,0,1,0-1.327H8358a.664.664,0,0,1,0,1.327\"><\/path><path id=\"Path_2152\" data-name=\"Path 2152\" d=\"M8355.25,5401.2h-.354a.664.664,0,0,1,0-1.327h.354a.664.664,0,0,1,0,1.327\"><\/path><path id=\"Path_2153\" data-name=\"Path 2153\" d=\"M8361.75,5385.58a.663.663,0,0,1-.663-.663v-1.593h-6.723v1.593a.664.664,0,0,1-1.328,0v-2.255a.663.663,0,0,1,.663-.664h8.05a.663.663,0,0,1,.663.665v2.255a.663.663,0,0,1-.663.663\"><\/path><\/g><\/g><\/g><\/svg>\t\t\t<\/div>\n\t\t<\/div>\n\t\t\t\t<\/div>\n\t\t\t\t<\/div>\n\t\t\t\t<div class=\"elementor-element elementor-element-9cda782 elementor-widget__width-auto elementor-widget elementor-widget-heading\" data-id=\"9cda782\" data-element_type=\"widget\" data-widget_type=\"heading.default\">\n\t\t\t\t<div class=\"elementor-widget-container\">\n\t\t\t<style>\/*! elementor - v3.23.0 - 15-07-2024 *\/\n.elementor-heading-title{padding:0;margin:0;line-height:1}.elementor-widget-heading .elementor-heading-title[class*=elementor-size-]>a{color:inherit;font-size:inherit;line-height:inherit}.elementor-widget-heading .elementor-heading-title.elementor-size-small{font-size:15px}.elementor-widget-heading .elementor-heading-title.elementor-size-medium{font-size:19px}.elementor-widget-heading .elementor-heading-title.elementor-size-large{font-size:29px}.elementor-widget-heading .elementor-heading-title.elementor-size-xl{font-size:39px}.elementor-widget-heading .elementor-heading-title.elementor-size-xxl{font-size:59px}<\/style><h2 class=\"elementor-heading-title elementor-size-default\">Encontrar apartamentos<span style=\"color:#cd171a; font-size:1.5em;\">.<\/span><\/h2>\t\t<\/div>\n\t\t\t\t<\/div>\n\t\t\t\t<div class=\"elementor-element elementor-element-44a8fc4 elementor-widget__width-inherit elementor-button-align-stretch elementor-widget elementor-widget-houzez_elementor_search_builder\" data-id=\"44a8fc4\" data-element_type=\"widget\" data-widget_type=\"houzez_elementor_search_builder.default\">\n\t\t\t\t<div class=\"elementor-widget-container\">\n\t\t\t\n        <form class=\"houzez-search-form-js houzez-search-builder-form-js\" id=\"houzez-search-44a8fc4\" method=\"get\" action=\"https:\/\/inversiorentals.es\/es\/search-results\/\" data-trp-original-action=\"https:\/\/inversiorentals.es\/es\/search-results\/\" >\n\n            \n            <div class=\"houzez-ele-search-form-wrapper elementor-form-fields-wrapper elementor-labels-above\">\n\n                                        <div class=\"elementor-field-group elementor-column form-group elementor-field-group-field-cities elementor-col-50\">\n                    <label for=\"form-field-field-cities\" class=\"elementor-field-label elementor-screen-only\">Localizaci\u00f3n<\/label><input type=\"text\" size=\"1\" name=\"keyword\" id=\"form-field-field-cities\" value=\"\" class=\"elementor-field form-control elementor-size-sm elementor-field-textual houzez-keyword-autocomplete\" placeholder=\"Localizaci\u00f3n\"><div id=\"auto_complete_ajax\" class=\"auto-complete\"><\/div>                    <\/div>\n                    \n                                            <div class=\"elementor-field-group elementor-column form-group elementor-field-group-field-min-price elementor-col-20 elementor-sm-50\">\n                    <label for=\"form-field-field-min-price\" class=\"elementor-field-label elementor-screen-only\">\u20ac Min.<\/label>            <div class=\"prices-for-all elementor-field elementor-select-wrapper\">\n                <select data-size=\"5\" name=\"min-price\" id=\"form-field-field-min-price\" class=\"selectpicker bs-select-hidden houzez-field-textual form-control elementor-size-sm\">\n                    <option value=\"\">\u20ac Min.<\/option><option value=\"any\">Cualquier<\/option><option value=\"200\">\u20ac200<\/option><option value=\"400\">\u20ac400<\/option><option value=\"600\">\u20ac600<\/option><option value=\"800\">\u20ac800<\/option><option value=\"1000\">\u20ac1,000<\/option><option value=\"1200\">\u20ac1,200<\/option><option value=\"1400\">\u20ac1,400<\/option><option value=\"1600\">\u20ac1,600<\/option><option value=\"1800\">\u20ac1,800<\/option><option value=\"2000\">\u20ac2,000<\/option>\n                <\/select><!-- selectpicker -->\n            <\/div><!-- form-group -->\n\n            <div class=\"hide prices-only-for-rent elementor-field elementor-select-wrapper\">\n                <select data-size=\"5\" name=\"min-price\" id=\"form-field-field-min-price\" class=\"selectpicker bs-select-hidden houzez-field-textual form-control elementor-size-sm\">\n                    <option value=\"\">\u20ac Min.<\/option><option value=\"any\">Cualquier<\/option><option value=\"200\">\u20ac200<\/option><option value=\"400\">\u20ac400<\/option><option value=\"600\">\u20ac600<\/option><option value=\"800\">\u20ac800<\/option><option value=\"1000\">\u20ac1,000<\/option><option value=\"1200\">\u20ac1,200<\/option><option value=\"1400\">\u20ac1,400<\/option><option value=\"1600\">\u20ac1,600<\/option><option value=\"1800\">\u20ac1,800<\/option><option value=\"2000\">\u20ac2,000<\/option>\n                <\/select><!-- selectpicker -->\n            <\/div><!-- form-group -->\n\n                            <\/div>\n                    \n                                            <div class=\"elementor-field-group elementor-column form-group elementor-field-group-field-max-price elementor-col-20 elementor-sm-50\">\n                    <label for=\"form-field-field-max-price\" class=\"elementor-field-label elementor-screen-only\">\u20ac Max.<\/label>        <div class=\"prices-for-all elementor-field elementor-select-wrapper\">\n            <select data-size=\"5\" name=\"max-price\" id=\"form-field-field-max-price\" data-live-search=\"true\" class=\"selectpicker bs-select-hidden houzez-field-textual form-control elementor-size-sm\">\n                <option value=\"\">\u20ac Max.<\/option><option value=\"any\">Cualquier<\/option><option value=\"200\">\u20ac200<\/option><option value=\"400\">\u20ac400<\/option><option value=\"600\">\u20ac600<\/option><option value=\"800\">\u20ac800<\/option><option value=\"1000\">\u20ac1,000<\/option><option value=\"1200\">\u20ac1,200<\/option><option value=\"1400\">\u20ac1,400<\/option><option value=\"1600\">\u20ac1,600<\/option><option value=\"1800\">\u20ac1,800<\/option><option value=\"2000\">\u20ac2,000<\/option>\n            <\/select><!-- selectpicker -->\n        <\/div><!-- form-group -->\n\n        <div class=\"hide prices-only-for-rent elementor-field elementor-select-wrapper\">\n            <select data-size=\"5\" name=\"max-price\" id=\"form-field-field-max-price\" data-live-search=\"true\" class=\"selectpicker bs-select-hidden houzez-field-textual form-control elementor-size-sm\">\n                <option value=\"\">\u20ac Max.<\/option><option value=\"any\">Cualquier<\/option><option value=\"200\">\u20ac200<\/option><option value=\"400\">\u20ac400<\/option><option value=\"600\">\u20ac600<\/option><option value=\"800\">\u20ac800<\/option><option value=\"1000\">\u20ac1,000<\/option><option value=\"1200\">\u20ac1,200<\/option><option value=\"1400\">\u20ac1,400<\/option><option value=\"1600\">\u20ac1,600<\/option><option value=\"1800\">\u20ac1,800<\/option><option value=\"2000\">\u20ac2,000<\/option>\n            <\/select><!-- selectpicker -->\n        <\/div><!-- form-group -->\n                            <\/div>\n                    \n                                                <div class=\"elementor-field-group elementor-column elementor-field-type-submit elementor-col-10\">\n                                <button type=\"submit\" class=\"btn houzez-search-button elementor-button elementor-size-sm\">\n                                                                            Buscar                                                                    <\/button>\n                            <\/div>\n                            \n                    \n            <\/div><!-- End wrapper-->\n\n        <input type=\"hidden\" name=\"trp-form-language\" value=\"es\"\/><\/form>\n\n        \t\t<\/div>\n\t\t\t\t<\/div>\n\t\t\t\t\t<\/div>\n\t\t\t\t<\/div>\n\t\t\t\t\t<\/div>\n\t\t\t\t<\/div>\n\t\t<div class=\"elementor-element elementor-element-cc00848 e-flex e-con-boxed e-con e-parent\" data-id=\"cc00848\" data-element_type=\"container\">\n\t\t\t\t\t<div class=\"e-con-inner\">\n\t\t<div class=\"elementor-element elementor-element-e80cc5c e-con-full e-flex e-con e-child\" data-id=\"e80cc5c\" data-element_type=\"container\">\n\t\t\t\t<div class=\"elementor-element elementor-element-f8859f0 elementor-widget elementor-widget-heading\" data-id=\"f8859f0\" data-element_type=\"widget\" data-widget_type=\"heading.default\">\n\t\t\t\t<div class=\"elementor-widget-container\">\n\t\t\t<h2 class=\"elementor-heading-title elementor-size-default\">Qui\u00e9nes somos, qu\u00e9 hacemos y por qu\u00e9 lo hacemos<span style=\"color:#cd171a; font-size:1.5em;\">.<\/span><\/h2>\t\t<\/div>\n\t\t\t\t<\/div>\n\t\t\t\t<div class=\"elementor-element elementor-element-0141fe6 elementor-widget elementor-widget-text-editor\" data-id=\"0141fe6\" data-element_type=\"widget\" data-widget_type=\"text-editor.default\">\n\t\t\t\t<div class=\"elementor-widget-container\">\n\t\t\t<style>\/*! elementor - v3.23.0 - 15-07-2024 *\/\n.elementor-widget-text-editor.elementor-drop-cap-view-stacked .elementor-drop-cap{background-color:#69727d;color:#fff}.elementor-widget-text-editor.elementor-drop-cap-view-framed .elementor-drop-cap{color:#69727d;border:3px solid;background-color:transparent}.elementor-widget-text-editor:not(.elementor-drop-cap-view-default) .elementor-drop-cap{margin-top:8px}.elementor-widget-text-editor:not(.elementor-drop-cap-view-default) .elementor-drop-cap-letter{width:1em;height:1em}.elementor-widget-text-editor .elementor-drop-cap{float:left;text-align:center;line-height:1;font-size:50px}.elementor-widget-text-editor .elementor-drop-cap-letter{display:inline-block}<\/style>\t\t\t\t<p>Ha elegido Valencia para venir a estudiar, a trabajar o hacer pr\u00e1cticas. \u00a1Una buena elecci\u00f3n, le deseamos mucho \u00e9xito!<\/p>\t\t\t\t\t\t<\/div>\n\t\t\t\t<\/div>\n\t\t\t\t<div class=\"elementor-element elementor-element-07c576b elementor-widget elementor-widget-text-editor\" data-id=\"07c576b\" data-element_type=\"widget\" data-widget_type=\"text-editor.default\">\n\t\t\t\t<div class=\"elementor-widget-container\">\n\t\t\t\t\t\t\t<p>Lo primero que tiene que hacer, por supuesto, es encontrar un alojamiento ideal en los barrios de inter\u00e9s o conveniencia. Esto podr\u00eda ser en la ciudad, cerca de su universidad o escuela, o cerca de su lugar de trabajo.<\/p>\t\t\t\t\t\t<\/div>\n\t\t\t\t<\/div>\n\t\t\t\t<div class=\"elementor-element elementor-element-72b468d elementor-widget elementor-widget-text-editor\" data-id=\"72b468d\" data-element_type=\"widget\" data-widget_type=\"text-editor.default\">\n\t\t\t\t<div class=\"elementor-widget-container\">\n\t\t\t\t\t\t\t<p>Nuestro equipo cuenta con a\u00f1os de experiencia, por lo que podemos guiarle en el periplo de encontrar la casa de alquiler perfecta en la vibrante ciudad de Valencia.<\/p>\t\t\t\t\t\t<\/div>\n\t\t\t\t<\/div>\n\t\t\t\t<\/div>\n\t\t<div class=\"elementor-element elementor-element-253e380 e-con-full e-flex e-con e-child\" data-id=\"253e380\" data-element_type=\"container\">\n\t\t\t\t<div class=\"elementor-element elementor-element-975de42 elementor-widget elementor-widget-text-editor\" data-id=\"975de42\" data-element_type=\"widget\" data-widget_type=\"text-editor.default\">\n\t\t\t\t<div class=\"elementor-widget-container\">\n\t\t\t\t\t\t\t<p>Si usted es estudiante, joven profesional o son una familia, escuchamos sus deseos y haremos todo lo posible para satisfacer sus necesidades.<\/p>\t\t\t\t\t\t<\/div>\n\t\t\t\t<\/div>\n\t\t\t\t<div class=\"elementor-element elementor-element-935f8d1 elementor-widget elementor-widget-text-editor\" data-id=\"935f8d1\" data-element_type=\"widget\" data-widget_type=\"text-editor.default\">\n\t\t\t\t<div class=\"elementor-widget-container\">\n\t\t\t\t\t\t\t<p>Las propiedades promocionadas han sido verificados por lo que cumplen con un standard alto de calidad.  Est\u00e1n muy bien mantenidos y tienen un estilo moderno.<\/p>\t\t\t\t\t\t<\/div>\n\t\t\t\t<\/div>\n\t\t\t\t<div class=\"elementor-element elementor-element-bdb229e elementor-widget elementor-widget-text-editor\" data-id=\"bdb229e\" data-element_type=\"widget\" data-widget_type=\"text-editor.default\">\n\t\t\t\t<div class=\"elementor-widget-container\">\n\t\t\t\t\t\t\t<p>Trabajamos \u00fanicamente mano en mano con propietarios que tienen todo en regla, ya que nuestro objetivo es crear durante toda su estancia una muy buena experiencia.<\/p>\t\t\t\t\t\t<\/div>\n\t\t\t\t<\/div>\n\t\t\t\t<div class=\"elementor-element elementor-element-829160a elementor-widget elementor-widget-text-editor\" data-id=\"829160a\" data-element_type=\"widget\" data-widget_type=\"text-editor.default\">\n\t\t\t\t<div class=\"elementor-widget-container\">\n\t\t\t\t\t\t\t<p>Representamos a propietarios que desean ofrecer una buena relaci\u00f3n calidad-precio con un alquiler de calidad.\n\nCuidamos de manera igual a los propietarios y a los inquilinos.\u00a0<\/p>\t\t\t\t\t\t<\/div>\n\t\t\t\t<\/div>\n\t\t\t\t<\/div>\n\t\t\t\t\t<\/div>\n\t\t\t\t<\/div>\n\t\t\t\t<\/div>","protected":false},"excerpt":{"rendered":"<p>Find apartments. Location \u20ac Min. \u20ac Min.Any\u20ac200\u20ac400\u20ac600\u20ac800\u20ac1,000\u20ac1,200\u20ac1,400\u20ac1,600\u20ac1,800\u20ac2,000 \u20ac Min.Any\u20ac200\u20ac400\u20ac600\u20ac800\u20ac1,000\u20ac1,200\u20ac1,400\u20ac1,600\u20ac1,800\u20ac2,000 \u20ac Max. \u20ac Max.Any\u20ac200\u20ac400\u20ac600\u20ac800\u20ac1,000\u20ac1,200\u20ac1,400\u20ac1,600\u20ac1,800\u20ac2,000 \u20ac Max.Any\u20ac200\u20ac400\u20ac600\u20ac800\u20ac1,000\u20ac1,200\u20ac1,400\u20ac1,600\u20ac1,800\u20ac2,000 Search You found the right partner. Inversio Rentals provide mid-term rentals in &amp; around Valencia city. High quality, fully furnished, turn-key apartments and studios are offered to our tenants with convenience at the forefront of our operation. Landlords and developers [&hellip;]<\/p>","protected":false},"author":1,"featured_media":0,"parent":0,"menu_order":0,"comment_status":"closed","ping_status":"closed","template":"elementor_header_footer","meta":{"footnotes":""},"class_list":["post-2","page","type-page","status-publish","hentry"],"featured_image_src":null,"featured_image_src_square":null,"_links":{"self":[{"href":"https:\/\/inversiorentals.es\/es\/wp-json\/wp\/v2\/pages\/2","targetHints":{"allow":["GET"]}}],"collection":[{"href":"https:\/\/inversiorentals.es\/es\/wp-json\/wp\/v2\/pages"}],"about":[{"href":"https:\/\/inversiorentals.es\/es\/wp-json\/wp\/v2\/types\/page"}],"author":[{"embeddable":true,"href":"https:\/\/inversiorentals.es\/es\/wp-json\/wp\/v2\/users\/1"}],"replies":[{"embeddable":true,"href":"https:\/\/inversiorentals.es\/es\/wp-json\/wp\/v2\/comments?post=2"}],"version-history":[{"count":0,"href":"https:\/\/inversiorentals.es\/es\/wp-json\/wp\/v2\/pages\/2\/revisions"}],"wp:attachment":[{"href":"https:\/\/inversiorentals.es\/es\/wp-json\/wp\/v2\/media?parent=2"}],"curies":[{"name":"wp","href":"https:\/\/api.w.org\/{rel}","templated":true}]}}